{"id":2252,"date":"2022-03-11T21:15:31","date_gmt":"2022-03-11T19:15:31","guid":{"rendered":"https:\/\/tiergarten-kleve.de\/aankomst\/"},"modified":"2024-03-02T09:01:24","modified_gmt":"2024-03-02T08:01:24","slug":"aankomst","status":"publish","type":"page","link":"https:\/\/tiergarten-kleve.de\/nl\/plan-je-bezoek\/aankomst\/","title":{"rendered":"Aankomst"},"content":{"rendered":"<p><strong>Openbaar vervoer<br \/>\n<\/strong>Vanuit Nijmegen<br \/>\nMet de buslijn SB 58 kunt u zonder overstappen grensoverschrijdend reizen. Er is een directe busverbinding zowel naar Kleve (richting Emmerich Bahnhof) en richting Nijmegen. Vanuit Nijmegen Centraal Station kunt u de bus nemen richting Emmerich Bahnhof tot de bushalte &#8220;Museum Kurhaus\/Tiergarten&#8221;. De Dierentuin Kleef bevindt zich direct tegenover. Verder kunt u het Duitse als Nederlandse ticketsysteem gebruiken.<\/p>\n<p>Vanuit D\u00fcsseldorf<br \/>\nNeem de regionale trein RE 10 Richting Kleve Bahnhof (via Krefeld, Geldern, Weeze etc.). In Kleve kunt u de bus SB 58 richting Nijmegen nemen tot de bushalte &#8220;Museum Kurhaus\/Tiergarten&#8221;. De dierentuin bevindt zich aan de rechterkant.<\/p>\n<p><strong>Met de fiets<\/strong><br \/>\nDe Dierentuin Kleef ligt direct aan de Europa-RadBahn en is dus ook met de fiets vanuit Kranenburg en Nijmegen zeer goed te bereiken. Uw fiets kunt u parkeren in de gratis fietsenstalling dicht bij de ingang.<\/p>\n<p><strong>Met de auto<\/strong><br \/>\nAdres voor de navigatie: Tiergartenstra\u00dfe 74, 47533 Kleve<\/p>\n<p>Vanuit Nijmegen kunt u met de auto via Beek\/N325, Berg en Dal of Groesbeek richting Kleve rijden. Volg de B9 tot de Tiergartenstra\u00dfe. De Dierentuin Kleef bevindt zich op de linkerkant.<\/p>\n<p>Vanuit de A57: Sla af op de B9 richting Kleve. Er volgt een weg van ca. 15 km die u rechtsstreeks naar Kleve brengt. Hier volgt u de boorden \u201cMuseum Kurhaus\/Tiergarten Kleve\u201d en rijdt u via de Nassauerallee, Lindenallee, Ringstra\u00dfe, R\u00f6merstra\u00dfe en Gruftstra\u00dfe tot de kruising met de Tiergartenstra\u00dfe. Hier slaat u links af op de Tiergartenstra\u00dfe en bereikt u na ca. 600 m de Dierentuin Kleef. Deze bevindt zich aan de rechterkant.<\/p>\n<p>Als u via de A3 komt, neemt u de afslag \u201cEmmerich\u201d en volgt u de borden richting Kleve.<\/p>\n<p>Er zijn genoeg gratis parkeermogelijkheden en daarnaast laadstations voor elektroauto\u2019s beschikbaar.<\/p>\n<p><strong>Met het vliegtuig<\/strong><br \/>\nDe luchthaven D\u00fcsseldorf-Niederrhein (NRN) in Weeze ligt op ongeveer 30 km afstand van de Dierentuin Kleef: volg de Flughafen-Ring en rijd via de Wember Stra\u00dfe, de Weller Stra\u00dfe en de Willy-Brandt-Ring naar de Gocher Stra\u00dfe (B9). Volg de A57 in de richting Nijmegen\/Kleve en neem afslag 2 (Kleve). Er volgt een weg van ca. 15 km die u rechtsstreeks naar Kleve brengt. Hier volgt u de boorden \u201cMuseum Kurhaus\/Tiergarten Kleve\u201d en rijdt u via de Nassauerallee, Lindenallee, Ringstra\u00dfe, R\u00f6merstra\u00dfe en Gruftstra\u00dfe tot de kruising met de Tiergartenstra\u00dfe. Hier slaat u links af op de Tiergartenstra\u00dfe en bereikt u na ca. 600 m de Dierentuin Kleef. Deze bevindt zich aan de rechterkant.<\/p>\n<p><strong>Belangrijke informatie voor China Lights<\/strong><br \/>\n<strong>Gebruik indien mogelijk de fiets of het openbaar vervoer (RE 10, SB 58) voor je reis naar China Lights Kleve. Als je met de auto komt, maak dan gebruik van de parkeerplaats bij de Gesamtschule am Forstgarten (10 minuten lopen door het historische park direct naar de dierentuin) of een van de vele openbare parkeerplaatsen in Kleve (bijv. Wasserburgallee, Minoritenplatz,&#8230;). <\/strong><b>Parkeer alleen op de aangewezen plekken en houd er rekening mee dat parkeren langs de Tiergartenstra\u00dfe en in groenstroken <u>niet<\/u> is toegestaan.<\/b><\/p>\n","protected":false},"excerpt":{"rendered":"<p>Openbaar vervoer Vanuit Nijmegen Met de buslijn SB 58 kunt u zonder overstappen grensoverschrijdend reizen. Er is een directe busverbinding zowel naar Kleve (richting Emmerich Bahnhof) en richting Nijmegen. Vanuit [&hellip;]<\/p>\n","protected":false},"author":2,"featured_media":0,"parent":2399,"menu_order":0,"comment_status":"closed","ping_status":"closed","template":"","meta":{"_jet_sm_ready_style":"","_jet_sm_style":"","_jet_sm_controls_values":"","_jet_sm_fonts_collection":"","_jet_sm_fonts_links":"","footnotes":""},"class_list":["post-2252","page","type-page","status-publish","hentry"],"_links":{"self":[{"href":"https:\/\/tiergarten-kleve.de\/nl\/wp-json\/wp\/v2\/pages\/2252","targetHints":{"allow":["GET"]}}],"collection":[{"href":"https:\/\/tiergarten-kleve.de\/nl\/wp-json\/wp\/v2\/pages"}],"about":[{"href":"https:\/\/tiergarten-kleve.de\/nl\/wp-json\/wp\/v2\/types\/page"}],"author":[{"embeddable":true,"href":"https:\/\/tiergarten-kleve.de\/nl\/wp-json\/wp\/v2\/users\/2"}],"replies":[{"embeddable":true,"href":"https:\/\/tiergarten-kleve.de\/nl\/wp-json\/wp\/v2\/comments?post=2252"}],"version-history":[{"count":6,"href":"https:\/\/tiergarten-kleve.de\/nl\/wp-json\/wp\/v2\/pages\/2252\/revisions"}],"predecessor-version":[{"id":5842,"href":"https:\/\/tiergarten-kleve.de\/nl\/wp-json\/wp\/v2\/pages\/2252\/revisions\/5842"}],"up":[{"embeddable":true,"href":"https:\/\/tiergarten-kleve.de\/nl\/wp-json\/wp\/v2\/pages\/2399"}],"wp:attachment":[{"href":"https:\/\/tiergarten-kleve.de\/nl\/wp-json\/wp\/v2\/media?parent=2252"}],"curies":[{"name":"wp","href":"https:\/\/api.w.org\/{rel}","templated":true}]}}